{"id":48,"date":"2025-03-05T12:17:29","date_gmt":"2025-03-05T11:17:29","guid":{"rendered":"https:\/\/shop.trashfire.fr\/?post_type=product&#038;p=48"},"modified":"2025-11-24T15:55:39","modified_gmt":"2025-11-24T14:55:39","slug":"la-selection-de-coo","status":"publish","type":"product","link":"https:\/\/shop.trashfire.fr\/en\/produit\/la-selection-de-coo\/","title":{"rendered":"La famille"},"content":{"rendered":"<h3>La famille<\/h3>\n<p><em>Quand on n\u2019a presque rien, on pense n\u2019avoir rien \u00e0 perdre. Mais c\u2019est lorsque l\u2019on a perdu le peu qu\u2019on avait qu\u2019on se rend compte de la fragilit\u00e9 de l\u2019existence. Dans pareil cas, on se raccroche \u00e0 tout ce qu\u2019il nous reste. C\u2019est ce qu\u2019avait fait la jeune Izelle : tout ce qu\u2019elle avait d\u00e9sormais \u00e9tait l\u2019\u00e9p\u00e9e qu\u2019on lui avait fournie lorsqu\u2019elle \u00e9tait entr\u00e9e dans la garde\u2026 et la famille qu\u2019elle avait cherch\u00e9 \u00e0 fuir en s\u2019engageant.<\/em><br \/>\n<em>Mais Izelle la fine avait craqu\u00e9 en voyant le ciel tourner au pourpre et pleuvoir des grenouilles d\u00e9capit\u00e9es. Et cataclysme ou pas, quand on a d\u00e9sertait en pleine bataille, on avait tendance \u00e0 voir sa c\u00f4te baisser et la sanction \u00e9tait g\u00e9n\u00e9ralement d\u00e9finitive pour le l\u00e2che et pour ses parents.<\/em><br \/>\n<em>Alors Izelle avait fil\u00e9 chez elle pour les avertir. Aujourd\u2019hui, elle vend ses talents de bretteuse aux plus offrants, accompagn\u00e9e de Rogrer le sourdeau, son p\u00e8re, de B\u00e9atricia pieds froids, sa m\u00e8re, mais aussi deson oncle Hemrick, que les enfants du village adoraient et appelaient \u00ab Badaboum \u00bb, et de Zarnia dent de bois, sa tante, qui contrairement \u00e0 son fr\u00e8re faisait flipper tous les marmots. Et franchement, plus le temps passait en leur compagnie, plus elle se demandait si elle avait bien fait d\u2019aller les chercher.<\/em><\/p>\n<h3>La fiche de bande<\/h3>\n<figure id=\"attachment_1239\" style=\"width: 660px\"  class=\"wp-caption aligncenter\"><a href=\"https:\/\/shop.trashfire.fr\/wp-content\/uploads\/2024\/05\/Bande-Corentin.jpg\" target=\"_blank\" rel=\"noopener\"><img loading=\"lazy\" decoding=\"async\" class=\"wp-image-1239 size-large\" src=\"https:\/\/shop.trashfire.fr\/wp-content\/uploads\/2024\/05\/Bande-Corentin-1024x726.jpg\" alt=\"\" width=\"660\" height=\"468\" \/><\/a><figcaption class=\"wp-caption-text\">Cliquez sur l&#8217;image pour t\u00e9l\u00e9charger le fichier.<\/figcaption><\/figure>\n<p>&nbsp;<\/p>\n<p>Set de 5 figurines <a href=\"https:\/\/www.myminifactory.com\/users\/VaeVictisMiniatures#\/\" target=\"_blank\" rel=\"noopener\">Vae Victis Miniatures<\/a> compatibles avec Forbidden Psalm.<\/p>\n<p>Produit par Trashfire.<\/p>\n","protected":false},"excerpt":{"rendered":"<p>La famille Quand on n\u2019a presque rien, on pense n\u2019avoir rien \u00e0 perdre. Mais c\u2019est lorsque l\u2019on a perdu le peu qu\u2019on avait qu\u2019on se rend compte de la fragilit\u00e9 de l\u2019existence. Dans pareil cas, on se raccroche \u00e0 tout ce qu\u2019il nous reste. C\u2019est ce qu\u2019avait fait la jeune Izelle : tout ce qu\u2019elle [&hellip;]<\/p>\n","protected":false},"featured_media":352,"template":"","meta":{"_coblocks_attr":"","_coblocks_dimensions":"","_coblocks_responsive_height":"","_coblocks_accordion_ie_support":"","hide_page_title":""},"product_brand":[],"product_cat":[28,47],"product_tag":[18,48,19],"class_list":{"0":"post-48","1":"product","2":"type-product","3":"status-publish","4":"has-post-thumbnail","6":"product_cat-fantasy","7":"product_cat-vae-victis-miniatures","8":"product_tag-figurines","9":"product_tag-forbidden-psalm","10":"product_tag-impression-3d","12":"first","13":"instock","14":"taxable","15":"shipping-taxable","16":"purchasable","17":"product-type-simple"},"_links":{"self":[{"href":"https:\/\/shop.trashfire.fr\/en\/wp-json\/wp\/v2\/product\/48","targetHints":{"allow":["GET"]}}],"collection":[{"href":"https:\/\/shop.trashfire.fr\/en\/wp-json\/wp\/v2\/product"}],"about":[{"href":"https:\/\/shop.trashfire.fr\/en\/wp-json\/wp\/v2\/types\/product"}],"wp:featuredmedia":[{"embeddable":true,"href":"https:\/\/shop.trashfire.fr\/en\/wp-json\/wp\/v2\/media\/352"}],"wp:attachment":[{"href":"https:\/\/shop.trashfire.fr\/en\/wp-json\/wp\/v2\/media?parent=48"}],"wp:term":[{"taxonomy":"product_brand","embeddable":true,"href":"https:\/\/shop.trashfire.fr\/en\/wp-json\/wp\/v2\/product_brand?post=48"},{"taxonomy":"product_cat","embeddable":true,"href":"https:\/\/shop.trashfire.fr\/en\/wp-json\/wp\/v2\/product_cat?post=48"},{"taxonomy":"product_tag","embeddable":true,"href":"https:\/\/shop.trashfire.fr\/en\/wp-json\/wp\/v2\/product_tag?post=48"}],"curies":[{"name":"wp","href":"https:\/\/api.w.org\/{rel}","templated":true}]}}