{"id":49,"date":"2025-03-05T12:17:28","date_gmt":"2025-03-05T11:17:28","guid":{"rendered":"https:\/\/shop.trashfire.fr\/?post_type=product&#038;p=49"},"modified":"2025-11-24T15:55:47","modified_gmt":"2025-11-24T14:55:47","slug":"la-selection-de-gregauryc","status":"publish","type":"product","link":"https:\/\/shop.trashfire.fr\/en\/produit\/la-selection-de-gregauryc\/","title":{"rendered":"L&#8217;\u00e9quipage Bl\u00eame"},"content":{"rendered":"<h3>L&#8217;\u00e9quipage Bl\u00eame<\/h3>\n<p><em>\u00ab Avant la Fin, je n\u2019\u00e9tais personne. Mais j\u2019ai surv\u00e9cu aux catastrophes et je suis devenu quelqu\u2019un ! \u00bb<\/em><br \/>\n<em>C\u2019est avec cette phrase peu rassurante que j\u2019avais rencontr\u00e9 le capitaine Jason. Si le vieil homme paraissait pour le moins excentrique, il se sortait toujours de situations plus dangereuses les unes que les autres. Il tapotait de ses doigts calleux un vieux cr\u00e2ne blanchi, attendant sans doute une r\u00e9action de ma part. Mais mon attention \u00e9tait absorb\u00e9e par ses compagnons. Un type encapuchonn\u00e9 grin\u00e7ait des dents, sa bouche fig\u00e9e en un sourire forc\u00e9. Deux silhouettes se tenait de part et d\u2019autre du vieux fou, leurs visages engonc\u00e9s dans des masque d\u2019acier. Le plus grand tr\u00e9pignait d\u2019impatience tandis que son compagnon murmurait des litanies indicibles derri\u00e8re son casque de fer forg\u00e9. Du fond de la pi\u00e8ce, semblant surveiller les diff\u00e9rentes issues de la taverne, un chasseur au visage carr\u00e9 me jaugeait en tirant sur sa pipe. <\/em><br \/>\n<em>La r\u00e9putation du capitaine le pr\u00e9c\u00e9dait, et les histoires qui l\u2019entouraient le faisaient passer pour un fou ou un affabulateur ! Mais face \u00e0 la compagnie, les moqueries et quolibets me semblaient bien creux ! <\/em><br \/>\n<em>Le cliquetis des ongles rong\u00e9s sur le cr\u00e2ne me sorti de mes r\u00e9flexions. Le capitaine Jason se pencha vers moi en souriant, ce qui ne me rassura nullement. <\/em><br \/>\n<em>\u00ab Sommes-nous pr\u00eats \u00e0 faire affaire ? \u00bb<\/em><\/p>\n<h3>La fiche de bande<\/h3>\n<figure id=\"attachment_938\" style=\"width: 660px\"  class=\"wp-caption aligncenter\"><a href=\"https:\/\/shop.trashfire.fr\/wp-content\/uploads\/2024\/07\/Fiche-bande-Equipage-Bleme.pdf\" target=\"_blank\" rel=\"noopener\"><img loading=\"lazy\" decoding=\"async\" class=\"wp-image-938 size-large\" src=\"https:\/\/shop.trashfire.fr\/wp-content\/uploads\/2024\/06\/Fiche-bande-Equipage-Bleme-1024x724.jpg\" alt=\"Description de L'Equipage Bleme pour Forbidden Psalm\" width=\"660\" height=\"467\" \/><\/a><figcaption class=\"wp-caption-text\">Cliquez sur l&#8217;image pour t\u00e9l\u00e9charger le PDF.<\/figcaption><\/figure>\n<p>&nbsp;<\/p>\n<p>&nbsp;<\/p>\n<p>Set de 5 figurines <a href=\"https:\/\/www.myminifactory.com\/users\/VaeVictisMiniatures#\/\" target=\"_blank\" rel=\"noopener\">Vae Victis Miniatures<\/a> compatibles avec Forbidden Psalm s\u00e9lectionn\u00e9 par <a href=\"https:\/\/gregauryc.com\/\" target=\"_blank\" rel=\"noopener\">Gregauryc<\/a>.<br \/>\nProduit par Trashfire.<\/p>\n","protected":false},"excerpt":{"rendered":"<p>L&#8217;\u00e9quipage Bl\u00eame \u00ab Avant la Fin, je n\u2019\u00e9tais personne. Mais j\u2019ai surv\u00e9cu aux catastrophes et je suis devenu quelqu\u2019un ! \u00bb C\u2019est avec cette phrase peu rassurante que j\u2019avais rencontr\u00e9 le capitaine Jason. Si le vieil homme paraissait pour le moins excentrique, il se sortait toujours de situations plus dangereuses les unes que les autres. [&hellip;]<\/p>\n","protected":false},"featured_media":372,"template":"","meta":{"_coblocks_attr":"","_coblocks_dimensions":"","_coblocks_responsive_height":"","_coblocks_accordion_ie_support":"","hide_page_title":""},"product_brand":[],"product_cat":[28,47],"product_tag":[18,48,19],"class_list":{"0":"post-49","1":"product","2":"type-product","3":"status-publish","4":"has-post-thumbnail","6":"product_cat-fantasy","7":"product_cat-vae-victis-miniatures","8":"product_tag-figurines","9":"product_tag-forbidden-psalm","10":"product_tag-impression-3d","12":"first","13":"instock","14":"taxable","15":"shipping-taxable","16":"purchasable","17":"product-type-simple"},"_links":{"self":[{"href":"https:\/\/shop.trashfire.fr\/en\/wp-json\/wp\/v2\/product\/49","targetHints":{"allow":["GET"]}}],"collection":[{"href":"https:\/\/shop.trashfire.fr\/en\/wp-json\/wp\/v2\/product"}],"about":[{"href":"https:\/\/shop.trashfire.fr\/en\/wp-json\/wp\/v2\/types\/product"}],"wp:featuredmedia":[{"embeddable":true,"href":"https:\/\/shop.trashfire.fr\/en\/wp-json\/wp\/v2\/media\/372"}],"wp:attachment":[{"href":"https:\/\/shop.trashfire.fr\/en\/wp-json\/wp\/v2\/media?parent=49"}],"wp:term":[{"taxonomy":"product_brand","embeddable":true,"href":"https:\/\/shop.trashfire.fr\/en\/wp-json\/wp\/v2\/product_brand?post=49"},{"taxonomy":"product_cat","embeddable":true,"href":"https:\/\/shop.trashfire.fr\/en\/wp-json\/wp\/v2\/product_cat?post=49"},{"taxonomy":"product_tag","embeddable":true,"href":"https:\/\/shop.trashfire.fr\/en\/wp-json\/wp\/v2\/product_tag?post=49"}],"curies":[{"name":"wp","href":"https:\/\/api.w.org\/{rel}","templated":true}]}}