{"id":55,"date":"2025-03-05T11:34:09","date_gmt":"2025-03-05T10:34:09","guid":{"rendered":"https:\/\/shop.trashfire.fr\/?post_type=product&#038;p=55"},"modified":"2025-06-04T17:09:35","modified_gmt":"2025-06-04T15:09:35","slug":"barrieres-et-murs","status":"publish","type":"product","link":"https:\/\/shop.trashfire.fr\/en\/produit\/barrieres-et-murs\/","title":{"rendered":"Barri\u00e8res et murs"},"content":{"rendered":"<div class=\"text-auto-link full-text\">\n<p>Ce lot contient 7 pi\u00e8ces :<\/p>\n<p>&#8211; Un angle de muret<br \/>\n&#8211; Un muret droit<br \/>\n&#8211; Une barri\u00e8re en bois simple<br \/>\n&#8211; Une seconde barri\u00e8re en bois<br \/>\n&#8211; Une barri\u00e8re en bois d\u00e9molie<br \/>\n&#8211; Une barri\u00e8re en bois avec de la v\u00e9g\u00e9tation<br \/>\n&#8211; Une barri\u00e8re en bois avec de la v\u00e9g\u00e9tation sur un poteau<\/p>\n<p>Des d\u00e9cors simples et pratiques pour remplir et d\u00e9corer vos tables de jeux pour Forbidden Psalm, Sol Brayn\u00efa, Turnip28 et vos jeux de r\u00f4les D&#038;D, Witcher&#8230;<\/p>\n<\/div>\n","protected":false},"excerpt":{"rendered":"<p>Ce lot contient 7 pi\u00e8ces : &#8211; Un angle de muret &#8211; Un muret droit &#8211; Une barri\u00e8re en bois simple &#8211; Une seconde barri\u00e8re en bois &#8211; Une barri\u00e8re en bois d\u00e9molie &#8211; Une barri\u00e8re en bois avec de la v\u00e9g\u00e9tation &#8211; Une barri\u00e8re en bois avec de la v\u00e9g\u00e9tation sur un poteau Des [&hellip;]<\/p>\n","protected":false},"featured_media":469,"template":"","meta":{"_coblocks_attr":"","_coblocks_dimensions":"","_coblocks_responsive_height":"","_coblocks_accordion_ie_support":"","hide_page_title":""},"product_brand":[56],"product_cat":[28,46],"product_tag":[37,19,38],"class_list":{"0":"post-55","1":"product","2":"type-product","3":"status-publish","4":"has-post-thumbnail","6":"product_brand-threat-factory","7":"product_cat-fantasy","8":"product_cat-threat-factory","9":"product_tag-decors","10":"product_tag-impression-3d","11":"product_tag-threat-factory","13":"first","14":"instock","15":"taxable","16":"shipping-taxable","17":"purchasable","18":"product-type-simple"},"_links":{"self":[{"href":"https:\/\/shop.trashfire.fr\/en\/wp-json\/wp\/v2\/product\/55","targetHints":{"allow":["GET"]}}],"collection":[{"href":"https:\/\/shop.trashfire.fr\/en\/wp-json\/wp\/v2\/product"}],"about":[{"href":"https:\/\/shop.trashfire.fr\/en\/wp-json\/wp\/v2\/types\/product"}],"wp:featuredmedia":[{"embeddable":true,"href":"https:\/\/shop.trashfire.fr\/en\/wp-json\/wp\/v2\/media\/469"}],"wp:attachment":[{"href":"https:\/\/shop.trashfire.fr\/en\/wp-json\/wp\/v2\/media?parent=55"}],"wp:term":[{"taxonomy":"product_brand","embeddable":true,"href":"https:\/\/shop.trashfire.fr\/en\/wp-json\/wp\/v2\/product_brand?post=55"},{"taxonomy":"product_cat","embeddable":true,"href":"https:\/\/shop.trashfire.fr\/en\/wp-json\/wp\/v2\/product_cat?post=55"},{"taxonomy":"product_tag","embeddable":true,"href":"https:\/\/shop.trashfire.fr\/en\/wp-json\/wp\/v2\/product_tag?post=55"}],"curies":[{"name":"wp","href":"https:\/\/api.w.org\/{rel}","templated":true}]}}