{"id":57,"date":"2025-03-05T12:17:28","date_gmt":"2025-03-05T11:17:28","guid":{"rendered":"https:\/\/shop.trashfire.fr\/?post_type=product&#038;p=57"},"modified":"2025-11-24T19:16:37","modified_gmt":"2025-11-24T18:16:37","slug":"les-coutelas-affutes-du-col-du-fou","status":"publish","type":"product","link":"https:\/\/shop.trashfire.fr\/en\/produit\/les-coutelas-affutes-du-col-du-fou\/","title":{"rendered":"Les coutelas affut\u00e9s du Col-du-Fou"},"content":{"rendered":"<h3>Les coutelas affut\u00e9s du Col-du-Fou<\/h3>\n<p>Le Col-du-Fou est un lieu dit plut\u00f4t insignifiant, et tr\u00e8s mal nomm\u00e9. Il n\u2019a en effet rien d\u2019un col, bien au contraire. C\u2019est un bled miteux, log\u00e9 au fond d\u2019un vallon, constamment recouvert par une chape de brume blanche. Ici, le soleil ne brille jamais, masqu\u00e9 par les falaises bordant le village. Pourtant, la plupart de ses habitants y sont n\u00e9s, et y mourront sans jamais en \u00eatre sorti. De m\u00eame, nul au village n\u2019a souvenir d\u2019un \u00e9tranger qui ait pu s\u2019y rendre et y \u00e9tablir sa r\u00e9sidence, m\u00eame parmi les plus anciens. Les riverains y \u00e9pousent leurs voisins, de g\u00e9n\u00e9ration en g\u00e9n\u00e9ration, dans un \u00e9ternel recommencement.<\/p>\n<p>L\u2019id\u00e9e m\u00eame d\u2019aller parcourir le monde paraitrait saugrenue aux habitants du Col-du-Fou. N\u00e9anmoins, quand la peste orange a commenc\u00e9 \u00e0 se r\u00e9pandre, il a bien fallu se faire une raison. Et pour certains, partir.<\/p>\n<h3>La fiche de bande<\/h3>\n<p><a href=\"https:\/\/shop.trashfire.fr\/wp-content\/uploads\/2024\/11\/Les-coutelas-affutes-du-Col-du-Fou.pdf\" target=\"_blank\" rel=\"noopener\">T\u00e9l\u00e9chargez ici<\/a> (<a href=\"https:\/\/shop.trashfire.fr\/wp-content\/uploads\/2024\/11\/Les-coutelas-affutes-du-Col-du-Fou-Printer-friendly.pdf\">printer friendly<\/a>).<\/p>\n<p>&nbsp;<\/p>\n<p>Set de 5 figurines <a href=\"https:\/\/www.myminifactory.com\/users\/VaeVictisMiniatures#\/\" target=\"_blank\" rel=\"noopener\">Vae Victis Miniatures<\/a> compatibles avec Forbidden Psalm s\u00e9lectionn\u00e9 par Minus.<br \/>\nProduit par Trashfire.<\/p>\n<p>&nbsp;<\/p>\n","protected":false},"excerpt":{"rendered":"<p>Les coutelas affut\u00e9s du Col-du-Fou Le Col-du-Fou est un lieu dit plut\u00f4t insignifiant, et tr\u00e8s mal nomm\u00e9. Il n\u2019a en effet rien d\u2019un col, bien au contraire. C\u2019est un bled miteux, log\u00e9 au fond d\u2019un vallon, constamment recouvert par une chape de brume blanche. Ici, le soleil ne brille jamais, masqu\u00e9 par les falaises bordant [&hellip;]<\/p>\n","protected":false},"featured_media":473,"template":"","meta":{"_coblocks_attr":"","_coblocks_dimensions":"","_coblocks_responsive_height":"","_coblocks_accordion_ie_support":"","hide_page_title":""},"product_brand":[],"product_cat":[28,47],"product_tag":[18,48,19],"class_list":{"0":"post-57","1":"product","2":"type-product","3":"status-publish","4":"has-post-thumbnail","6":"product_cat-fantasy","7":"product_cat-vae-victis-miniatures","8":"product_tag-figurines","9":"product_tag-forbidden-psalm","10":"product_tag-impression-3d","12":"first","13":"instock","14":"taxable","15":"shipping-taxable","16":"purchasable","17":"product-type-simple"},"_links":{"self":[{"href":"https:\/\/shop.trashfire.fr\/en\/wp-json\/wp\/v2\/product\/57","targetHints":{"allow":["GET"]}}],"collection":[{"href":"https:\/\/shop.trashfire.fr\/en\/wp-json\/wp\/v2\/product"}],"about":[{"href":"https:\/\/shop.trashfire.fr\/en\/wp-json\/wp\/v2\/types\/product"}],"wp:featuredmedia":[{"embeddable":true,"href":"https:\/\/shop.trashfire.fr\/en\/wp-json\/wp\/v2\/media\/473"}],"wp:attachment":[{"href":"https:\/\/shop.trashfire.fr\/en\/wp-json\/wp\/v2\/media?parent=57"}],"wp:term":[{"taxonomy":"product_brand","embeddable":true,"href":"https:\/\/shop.trashfire.fr\/en\/wp-json\/wp\/v2\/product_brand?post=57"},{"taxonomy":"product_cat","embeddable":true,"href":"https:\/\/shop.trashfire.fr\/en\/wp-json\/wp\/v2\/product_cat?post=57"},{"taxonomy":"product_tag","embeddable":true,"href":"https:\/\/shop.trashfire.fr\/en\/wp-json\/wp\/v2\/product_tag?post=57"}],"curies":[{"name":"wp","href":"https:\/\/api.w.org\/{rel}","templated":true}]}}