{"id":58,"date":"2025-02-25T14:46:13","date_gmt":"2025-02-25T13:46:13","guid":{"rendered":"https:\/\/shop.trashfire.fr\/?post_type=product&#038;p=58"},"modified":"2025-04-21T18:39:35","modified_gmt":"2025-04-21T16:39:35","slug":"hami-la-jaune","status":"publish","type":"product","link":"https:\/\/shop.trashfire.fr\/en\/produit\/hami-la-jaune\/","title":{"rendered":"Hami La Jaune (Pisteuse)"},"content":{"rendered":"<p>La &#8220;Jaune&#8221; Hami L\u00e9gendaire pour Hami La Saga des Murmures et son socle 32mm<\/p>\n<p>Ne convient pas enfants de moins de 14 ans,<br \/>\nn\u00e9cessite un assemblage et un collage.<\/p>\n<p>Impression r\u00e9sine : Trashfire \/ Alcyon Studio<\/p>\n<p>Scultupture: Lux Thantor<\/p>\n","protected":false},"excerpt":{"rendered":"<p>La &#8220;Jaune&#8221; Hami L\u00e9gendaire pour Hami La Saga des Murmures et son socle 32mm Ne convient pas enfants de moins de 14 ans, n\u00e9cessite un assemblage et un collage. Impression r\u00e9sine : Trashfire \/ Alcyon Studio Scultupture: Lux Thantor<\/p>\n","protected":false},"featured_media":879,"template":"","meta":{"_coblocks_attr":"","_coblocks_dimensions":"","_coblocks_responsive_height":"","_coblocks_accordion_ie_support":"","hide_page_title":""},"product_brand":[55],"product_cat":[28,44],"product_tag":[18,31,19],"class_list":{"0":"post-58","1":"product","2":"type-product","3":"status-publish","4":"has-post-thumbnail","6":"product_brand-revves-creation","7":"product_cat-fantasy","8":"product_cat-hami","9":"product_tag-figurines","10":"product_tag-hami","11":"product_tag-impression-3d","13":"first","14":"instock","15":"taxable","16":"shipping-taxable","17":"purchasable","18":"product-type-simple"},"_links":{"self":[{"href":"https:\/\/shop.trashfire.fr\/en\/wp-json\/wp\/v2\/product\/58","targetHints":{"allow":["GET"]}}],"collection":[{"href":"https:\/\/shop.trashfire.fr\/en\/wp-json\/wp\/v2\/product"}],"about":[{"href":"https:\/\/shop.trashfire.fr\/en\/wp-json\/wp\/v2\/types\/product"}],"wp:featuredmedia":[{"embeddable":true,"href":"https:\/\/shop.trashfire.fr\/en\/wp-json\/wp\/v2\/media\/879"}],"wp:attachment":[{"href":"https:\/\/shop.trashfire.fr\/en\/wp-json\/wp\/v2\/media?parent=58"}],"wp:term":[{"taxonomy":"product_brand","embeddable":true,"href":"https:\/\/shop.trashfire.fr\/en\/wp-json\/wp\/v2\/product_brand?post=58"},{"taxonomy":"product_cat","embeddable":true,"href":"https:\/\/shop.trashfire.fr\/en\/wp-json\/wp\/v2\/product_cat?post=58"},{"taxonomy":"product_tag","embeddable":true,"href":"https:\/\/shop.trashfire.fr\/en\/wp-json\/wp\/v2\/product_tag?post=58"}],"curies":[{"name":"wp","href":"https:\/\/api.w.org\/{rel}","templated":true}]}}