{"id":60,"date":"2025-03-05T12:17:27","date_gmt":"2025-03-05T11:17:27","guid":{"rendered":"https:\/\/shop.trashfire.fr\/?post_type=product&#038;p=60"},"modified":"2025-11-24T19:16:26","modified_gmt":"2025-11-24T18:16:26","slug":"les-elus-dembers","status":"publish","type":"product","link":"https:\/\/shop.trashfire.fr\/en\/produit\/les-elus-dembers\/","title":{"rendered":"Les \u00e9lus d&#8217;Embers"},"content":{"rendered":"<h3>Les \u00e9lus d&#8217;embers<\/h3>\n<p>Les envoy\u00e9s du mis\u00e9ricordieux Embers se reconnaissent aux masques qu\u2019ils portent en toutes circonstances. Bien que variant de formes selon la personnalit\u00e9 de leur porteur, ceux-ci sont toujours de couleur or.<\/p>\n<p>Les \u00e9missaires du bienveillant Embers sillonnent Kergus de ville en ville, de village en village, afin d\u2019y dispenser les bienfaits de leur Souverain. Les \u00e9lus d\u2019Embers affirment pouvoir d\u00e9chiffrer la trame du destin et y lire les possibles futurs. Leurs masques dissimulent les visages de leurs porteurs, rendant leurs intentions difficiles \u00e0 discerner. Ils utilisent leurs pr\u00e9dictions afin de prouver leur sup\u00e9riorit\u00e9, et invitent les croyants \u00e0 les rejoindre.<\/p>\n<p>Quant aux autres\u2026 les \u00e9lus d\u2019Embers s\u00e8ment la peste orange dans leur sillage\u2026<\/p>\n<p>&nbsp;<\/p>\n<h3>La fiche de bande<\/h3>\n<p><a href=\"https:\/\/shop.trashfire.fr\/wp-content\/uploads\/2024\/11\/Les-elus-dembers.pdf\" target=\"_blank\" rel=\"noopener\">T\u00e9l\u00e9chargez ici<\/a> (<a href=\"https:\/\/shop.trashfire.fr\/wp-content\/uploads\/2024\/11\/Les-elus-dembers-Printerfriendly.pdf\" target=\"_blank\" rel=\"noopener\">printer friendly<\/a>).<\/p>\n<p>&nbsp;<\/p>\n<p>Set de 5 figurines <a href=\"https:\/\/www.myminifactory.com\/users\/VaeVictisMiniatures#\/\" target=\"_blank\" rel=\"noopener\">Vae Victis Miniatures<\/a> compatibles avec Forbidden Psalm s\u00e9lectionn\u00e9 par Minus.<br \/>\nProduit par Trashfire.<\/p>\n<p>&nbsp;<\/p>\n","protected":false},"excerpt":{"rendered":"<p>Les \u00e9lus d&#8217;embers Les envoy\u00e9s du mis\u00e9ricordieux Embers se reconnaissent aux masques qu\u2019ils portent en toutes circonstances. Bien que variant de formes selon la personnalit\u00e9 de leur porteur, ceux-ci sont toujours de couleur or. Les \u00e9missaires du bienveillant Embers sillonnent Kergus de ville en ville, de village en village, afin d\u2019y dispenser les bienfaits de [&hellip;]<\/p>\n","protected":false},"featured_media":480,"template":"","meta":{"_coblocks_attr":"","_coblocks_dimensions":"","_coblocks_responsive_height":"","_coblocks_accordion_ie_support":"","hide_page_title":""},"product_brand":[],"product_cat":[28,47],"product_tag":[18,48,19],"class_list":{"0":"post-60","1":"product","2":"type-product","3":"status-publish","4":"has-post-thumbnail","6":"product_cat-fantasy","7":"product_cat-vae-victis-miniatures","8":"product_tag-figurines","9":"product_tag-forbidden-psalm","10":"product_tag-impression-3d","12":"first","13":"instock","14":"taxable","15":"shipping-taxable","16":"purchasable","17":"product-type-simple"},"_links":{"self":[{"href":"https:\/\/shop.trashfire.fr\/en\/wp-json\/wp\/v2\/product\/60","targetHints":{"allow":["GET"]}}],"collection":[{"href":"https:\/\/shop.trashfire.fr\/en\/wp-json\/wp\/v2\/product"}],"about":[{"href":"https:\/\/shop.trashfire.fr\/en\/wp-json\/wp\/v2\/types\/product"}],"wp:featuredmedia":[{"embeddable":true,"href":"https:\/\/shop.trashfire.fr\/en\/wp-json\/wp\/v2\/media\/480"}],"wp:attachment":[{"href":"https:\/\/shop.trashfire.fr\/en\/wp-json\/wp\/v2\/media?parent=60"}],"wp:term":[{"taxonomy":"product_brand","embeddable":true,"href":"https:\/\/shop.trashfire.fr\/en\/wp-json\/wp\/v2\/product_brand?post=60"},{"taxonomy":"product_cat","embeddable":true,"href":"https:\/\/shop.trashfire.fr\/en\/wp-json\/wp\/v2\/product_cat?post=60"},{"taxonomy":"product_tag","embeddable":true,"href":"https:\/\/shop.trashfire.fr\/en\/wp-json\/wp\/v2\/product_tag?post=60"}],"curies":[{"name":"wp","href":"https:\/\/api.w.org\/{rel}","templated":true}]}}