{"id":66,"date":"2025-03-05T11:40:33","date_gmt":"2025-03-05T10:40:33","guid":{"rendered":"https:\/\/shop.trashfire.fr\/?post_type=product&#038;p=66"},"modified":"2025-11-02T17:20:37","modified_gmt":"2025-11-02T16:20:37","slug":"abomination","status":"publish","type":"product","link":"https:\/\/shop.trashfire.fr\/en\/produit\/abomination\/","title":{"rendered":"Abomination"},"content":{"rendered":"<p>Les ruines de la cit\u00e9 d\u00e9chue d\u2019Owtafec sont consid\u00e9r\u00e9es comme hant\u00e9es par la plupart des peuples. Les Abominations, de repoussantes cr\u00e9atures, y ont en effet \u00e9lu domicile depuis la chute de la cit\u00e9, il y a plusieurs si\u00e8cles. Bien qu\u2019on puisse en rencontrer ailleurs, les Abominations semblent toutes se concentrer au sein des vestiges de la ville. Leur stature est imposante, et il n\u2019est pas rare pour une abomination de d\u00e9passer deux fois la taille d\u2019un homme, et elles sont capables de d\u00e9membrer un orque \u00e0 mains nues. N\u00e9anmoins, c\u2019est surtout leur apparence qui a fait leur sinistre renomm\u00e9e.<br \/>\nLes Abominations semblent ne pas appartenir au m\u00eame plan d\u2019existence que les vivants. Leurs couleurs sont changeantes, et leur corps semblent se remodeler sans cesse et leurs organes se reconfigurer rendant leur vue insupportable. La seule r\u00e9action sens\u00e9e face \u00e0 une Abomination et de la fuir !<\/p>\n<p>&nbsp;<\/p>\n<p>&nbsp;<\/p>\n<p>&nbsp;<\/p>\n","protected":false},"excerpt":{"rendered":"<p>Les ruines de la cit\u00e9 d\u00e9chue d\u2019Owtafec sont consid\u00e9r\u00e9es comme hant\u00e9es par la plupart des peuples. Les Abominations, de repoussantes cr\u00e9atures, y ont en effet \u00e9lu domicile depuis la chute de la cit\u00e9, il y a plusieurs si\u00e8cles. Bien qu\u2019on puisse en rencontrer ailleurs, les Abominations semblent toutes se concentrer au sein des vestiges de [&hellip;]<\/p>\n","protected":false},"featured_media":886,"template":"","meta":{"_coblocks_attr":"","_coblocks_dimensions":"","_coblocks_responsive_height":"","_coblocks_accordion_ie_support":"","hide_page_title":""},"product_brand":[54],"product_cat":[28,40,51],"product_tag":[41,18,19],"class_list":{"0":"post-66","1":"product","2":"type-product","3":"status-publish","4":"has-post-thumbnail","6":"product_brand-trashfire","7":"product_cat-fantasy","8":"product_cat-sol-braynia","9":"product_cat-trashfire","10":"product_tag-cnj","11":"product_tag-figurines","12":"product_tag-impression-3d","14":"first","15":"instock","16":"taxable","17":"shipping-taxable","18":"purchasable","19":"product-type-simple"},"_links":{"self":[{"href":"https:\/\/shop.trashfire.fr\/en\/wp-json\/wp\/v2\/product\/66","targetHints":{"allow":["GET"]}}],"collection":[{"href":"https:\/\/shop.trashfire.fr\/en\/wp-json\/wp\/v2\/product"}],"about":[{"href":"https:\/\/shop.trashfire.fr\/en\/wp-json\/wp\/v2\/types\/product"}],"wp:featuredmedia":[{"embeddable":true,"href":"https:\/\/shop.trashfire.fr\/en\/wp-json\/wp\/v2\/media\/886"}],"wp:attachment":[{"href":"https:\/\/shop.trashfire.fr\/en\/wp-json\/wp\/v2\/media?parent=66"}],"wp:term":[{"taxonomy":"product_brand","embeddable":true,"href":"https:\/\/shop.trashfire.fr\/en\/wp-json\/wp\/v2\/product_brand?post=66"},{"taxonomy":"product_cat","embeddable":true,"href":"https:\/\/shop.trashfire.fr\/en\/wp-json\/wp\/v2\/product_cat?post=66"},{"taxonomy":"product_tag","embeddable":true,"href":"https:\/\/shop.trashfire.fr\/en\/wp-json\/wp\/v2\/product_tag?post=66"}],"curies":[{"name":"wp","href":"https:\/\/api.w.org\/{rel}","templated":true}]}}