{"id":67,"date":"2025-03-05T11:40:34","date_gmt":"2025-03-05T10:40:34","guid":{"rendered":"https:\/\/shop.trashfire.fr\/?post_type=product&#038;p=67"},"modified":"2025-11-02T17:20:38","modified_gmt":"2025-11-02T16:20:38","slug":"dechu","status":"publish","type":"product","link":"https:\/\/shop.trashfire.fr\/en\/produit\/dechu\/","title":{"rendered":"D\u00e9chu"},"content":{"rendered":"<p>M\u00eame au fond du gouffre, perdu, d\u00e9sesp\u00e9r\u00e9, ruin\u00e9, il reste une derni\u00e8re ressource, une derni\u00e8re chose \u00e0 perdre : la vie. Alors certains, pour retrouver la fortune, r\u00e9tablir leur r\u00e9putation ou laver leur honneur n\u2019h\u00e9sitent pas \u00e0 mettre leur vie en balance. Ils rejoignent alors l\u2019ordre des D\u00e9chus, une secte pr\u00f4nant l\u2019asc\u00e9tisme et la discipline martiale, qui les transforme en assassins redoutables. Priez la D\u00e9esse pour que jamais un D\u00e9chu ne vienne r\u00e9clamer votre vie pour r\u00e9tablir la sienne.<\/p>\n","protected":false},"excerpt":{"rendered":"<p>M\u00eame au fond du gouffre, perdu, d\u00e9sesp\u00e9r\u00e9, ruin\u00e9, il reste une derni\u00e8re ressource, une derni\u00e8re chose \u00e0 perdre : la vie. Alors certains, pour retrouver la fortune, r\u00e9tablir leur r\u00e9putation ou laver leur honneur n\u2019h\u00e9sitent pas \u00e0 mettre leur vie en balance. Ils rejoignent alors l\u2019ordre des D\u00e9chus, une secte pr\u00f4nant l\u2019asc\u00e9tisme et la discipline [&hellip;]<\/p>\n","protected":false},"featured_media":885,"template":"","meta":{"_coblocks_attr":"","_coblocks_dimensions":"","_coblocks_responsive_height":"","_coblocks_accordion_ie_support":"","hide_page_title":""},"product_brand":[54],"product_cat":[28,40,51],"product_tag":[41,18,19],"class_list":{"0":"post-67","1":"product","2":"type-product","3":"status-publish","4":"has-post-thumbnail","6":"product_brand-trashfire","7":"product_cat-fantasy","8":"product_cat-sol-braynia","9":"product_cat-trashfire","10":"product_tag-cnj","11":"product_tag-figurines","12":"product_tag-impression-3d","14":"first","15":"instock","16":"taxable","17":"shipping-taxable","18":"purchasable","19":"product-type-simple"},"_links":{"self":[{"href":"https:\/\/shop.trashfire.fr\/en\/wp-json\/wp\/v2\/product\/67","targetHints":{"allow":["GET"]}}],"collection":[{"href":"https:\/\/shop.trashfire.fr\/en\/wp-json\/wp\/v2\/product"}],"about":[{"href":"https:\/\/shop.trashfire.fr\/en\/wp-json\/wp\/v2\/types\/product"}],"wp:featuredmedia":[{"embeddable":true,"href":"https:\/\/shop.trashfire.fr\/en\/wp-json\/wp\/v2\/media\/885"}],"wp:attachment":[{"href":"https:\/\/shop.trashfire.fr\/en\/wp-json\/wp\/v2\/media?parent=67"}],"wp:term":[{"taxonomy":"product_brand","embeddable":true,"href":"https:\/\/shop.trashfire.fr\/en\/wp-json\/wp\/v2\/product_brand?post=67"},{"taxonomy":"product_cat","embeddable":true,"href":"https:\/\/shop.trashfire.fr\/en\/wp-json\/wp\/v2\/product_cat?post=67"},{"taxonomy":"product_tag","embeddable":true,"href":"https:\/\/shop.trashfire.fr\/en\/wp-json\/wp\/v2\/product_tag?post=67"}],"curies":[{"name":"wp","href":"https:\/\/api.w.org\/{rel}","templated":true}]}}