{"id":69,"date":"2025-03-05T12:24:32","date_gmt":"2025-03-05T11:24:32","guid":{"rendered":"https:\/\/shop.trashfire.fr\/?post_type=product&#038;p=69"},"modified":"2025-04-21T17:44:44","modified_gmt":"2025-04-21T15:44:44","slug":"drone-sphere-volant-par-akewea","status":"publish","type":"product","link":"https:\/\/shop.trashfire.fr\/en\/produit\/drone-sphere-volant-par-akewea\/","title":{"rendered":"Drone Sph\u00e8re Volant par Akewea"},"content":{"rendered":"<p>Lors d\u2019une partie de Mars : Code Aurora, chaque joueur place 1 drone sur la table. Ceux-ci sont attir\u00e9s par les d\u00e9charges des armes \u00e0 feu, et leur r\u00e8gle de pacification interdit aux guerriers \u00e0 proximit\u00e9 de tirer.<\/p>\n<p>Nous proposons plusieurs mod\u00e8les de drones, ceux-ci suivent tous les m\u00eames r\u00e8gles. Vous pouvez simplement choisir ceux que vous pr\u00e9f\u00e9rez ou qui collent le plus \u00e0 votre table de jeu.<\/p>\n<p>Mod\u00e9lis\u00e9 par <a href=\"https:\/\/blog.akewea.com\/post\/2022\/02\/28\/Mars-Code-Aurora-Drones\">Akewea<\/a><\/p>\n<p>&nbsp;<\/p>\n","protected":false},"excerpt":{"rendered":"<p>Lors d\u2019une partie de Mars : Code Aurora, chaque joueur place 1 drone sur la table. Ceux-ci sont attir\u00e9s par les d\u00e9charges des armes \u00e0 feu, et leur r\u00e8gle de pacification interdit aux guerriers \u00e0 proximit\u00e9 de tirer. Nous proposons plusieurs mod\u00e8les de drones, ceux-ci suivent tous les m\u00eames r\u00e8gles. Vous pouvez simplement choisir ceux [&hellip;]<\/p>\n","protected":false},"featured_media":502,"template":"","meta":{"_coblocks_attr":"","_coblocks_dimensions":"","_coblocks_responsive_height":"","_coblocks_accordion_ie_support":"","hide_page_title":""},"product_brand":[],"product_cat":[17,16],"product_tag":[18,19],"class_list":{"0":"post-69","1":"product","2":"type-product","3":"status-publish","4":"has-post-thumbnail","6":"product_cat-mars-code-aurora","7":"product_cat-science-fiction","8":"product_tag-figurines","9":"product_tag-impression-3d","11":"first","12":"instock","13":"taxable","14":"shipping-taxable","15":"purchasable","16":"product-type-simple"},"_links":{"self":[{"href":"https:\/\/shop.trashfire.fr\/en\/wp-json\/wp\/v2\/product\/69","targetHints":{"allow":["GET"]}}],"collection":[{"href":"https:\/\/shop.trashfire.fr\/en\/wp-json\/wp\/v2\/product"}],"about":[{"href":"https:\/\/shop.trashfire.fr\/en\/wp-json\/wp\/v2\/types\/product"}],"wp:featuredmedia":[{"embeddable":true,"href":"https:\/\/shop.trashfire.fr\/en\/wp-json\/wp\/v2\/media\/502"}],"wp:attachment":[{"href":"https:\/\/shop.trashfire.fr\/en\/wp-json\/wp\/v2\/media?parent=69"}],"wp:term":[{"taxonomy":"product_brand","embeddable":true,"href":"https:\/\/shop.trashfire.fr\/en\/wp-json\/wp\/v2\/product_brand?post=69"},{"taxonomy":"product_cat","embeddable":true,"href":"https:\/\/shop.trashfire.fr\/en\/wp-json\/wp\/v2\/product_cat?post=69"},{"taxonomy":"product_tag","embeddable":true,"href":"https:\/\/shop.trashfire.fr\/en\/wp-json\/wp\/v2\/product_tag?post=69"}],"curies":[{"name":"wp","href":"https:\/\/api.w.org\/{rel}","templated":true}]}}