{"id":70,"date":"2025-03-05T10:43:11","date_gmt":"2025-03-05T09:43:11","guid":{"rendered":"https:\/\/shop.trashfire.fr\/?post_type=product&#038;p=70"},"modified":"2025-04-21T18:34:33","modified_gmt":"2025-04-21T16:34:33","slug":"hendrik-fox","status":"publish","type":"product","link":"https:\/\/shop.trashfire.fr\/en\/produit\/hendrik-fox\/","title":{"rendered":"Survivant A"},"content":{"rendered":"<h4>Survivant A<\/h4>\n<p>Les survivants de Krysalis sont des figurines \u00e0 l&#8217;\u00e9chelle 32mm issus d&#8217;un univers post-apocalyptique. Leur design simple permet de les inclures dans des univers modernes ou l\u00e9g\u00e8rement futuriste.<\/p>\n<p>&nbsp;<\/p>\n<p>La figurine est scann\u00e9e et sculpt\u00e9e num\u00e9riquement par <a href=\"https:\/\/trashfire.fr\" target=\"_blank\" rel=\"noopener\">Corentin Calvez<\/a><\/p>\n<p>&nbsp;<\/p>\n","protected":false},"excerpt":{"rendered":"<p>Survivant A Les survivants de Krysalis sont des figurines \u00e0 l&#8217;\u00e9chelle 32mm issus d&#8217;un univers post-apocalyptique. Leur design simple permet de les inclures dans des univers modernes ou l\u00e9g\u00e8rement futuriste. &nbsp; La figurine est scann\u00e9e et sculpt\u00e9e num\u00e9riquement par Corentin Calvez &nbsp;<\/p>\n","protected":false},"featured_media":518,"template":"","meta":{"_coblocks_attr":"","_coblocks_dimensions":"","_coblocks_responsive_height":"","_coblocks_accordion_ie_support":"","hide_page_title":""},"product_brand":[54],"product_cat":[25,24,51],"product_tag":[18,19,26],"class_list":{"0":"post-70","1":"product","2":"type-product","3":"status-publish","4":"has-post-thumbnail","6":"product_brand-trashfire","7":"product_cat-krysalis","8":"product_cat-post-apo","9":"product_cat-trashfire","10":"product_tag-figurines","11":"product_tag-impression-3d","12":"product_tag-survivant","14":"first","15":"instock","16":"taxable","17":"shipping-taxable","18":"purchasable","19":"product-type-simple"},"_links":{"self":[{"href":"https:\/\/shop.trashfire.fr\/en\/wp-json\/wp\/v2\/product\/70","targetHints":{"allow":["GET"]}}],"collection":[{"href":"https:\/\/shop.trashfire.fr\/en\/wp-json\/wp\/v2\/product"}],"about":[{"href":"https:\/\/shop.trashfire.fr\/en\/wp-json\/wp\/v2\/types\/product"}],"wp:featuredmedia":[{"embeddable":true,"href":"https:\/\/shop.trashfire.fr\/en\/wp-json\/wp\/v2\/media\/518"}],"wp:attachment":[{"href":"https:\/\/shop.trashfire.fr\/en\/wp-json\/wp\/v2\/media?parent=70"}],"wp:term":[{"taxonomy":"product_brand","embeddable":true,"href":"https:\/\/shop.trashfire.fr\/en\/wp-json\/wp\/v2\/product_brand?post=70"},{"taxonomy":"product_cat","embeddable":true,"href":"https:\/\/shop.trashfire.fr\/en\/wp-json\/wp\/v2\/product_cat?post=70"},{"taxonomy":"product_tag","embeddable":true,"href":"https:\/\/shop.trashfire.fr\/en\/wp-json\/wp\/v2\/product_tag?post=70"}],"curies":[{"name":"wp","href":"https:\/\/api.w.org\/{rel}","templated":true}]}}