{"id":71,"date":"2025-03-05T11:34:09","date_gmt":"2025-03-05T10:34:09","guid":{"rendered":"https:\/\/shop.trashfire.fr\/?post_type=product&#038;p=71"},"modified":"2025-11-02T16:05:47","modified_gmt":"2025-11-02T15:05:47","slug":"bigby-hand","status":"publish","type":"product","link":"https:\/\/shop.trashfire.fr\/en\/produit\/bigby-hand\/","title":{"rendered":"Main de Bigby"},"content":{"rendered":"<div class=\"text-auto-link full-text\">La main de Bigby est un marqueur de sort pour vos jeux d&#8217;aventures et jeux de r\u00f4les.<br \/>\nPour Forbidden Psalm, Sol Brayn\u00efa, Turnip28 et vos jeux de r\u00f4les D&#038;D, Witcher&#8230;<\/div>\n","protected":false},"excerpt":{"rendered":"<p>La main de Bigby est un marqueur de sort pour vos jeux d&#8217;aventures et jeux de r\u00f4les. Pour Forbidden Psalm, Sol Brayn\u00efa, Turnip28 et vos jeux de r\u00f4les D&#038;D, Witcher&#8230;<\/p>\n","protected":false},"featured_media":524,"template":"","meta":{"_coblocks_attr":"","_coblocks_dimensions":"","_coblocks_responsive_height":"","_coblocks_accordion_ie_support":"","hide_page_title":""},"product_brand":[56],"product_cat":[28,46],"product_tag":[19,68,38],"class_list":{"0":"post-71","1":"product","2":"type-product","3":"status-publish","4":"has-post-thumbnail","6":"product_brand-threat-factory","7":"product_cat-fantasy","8":"product_cat-threat-factory","9":"product_tag-impression-3d","10":"product_tag-sorts","11":"product_tag-threat-factory","13":"first","14":"instock","15":"taxable","16":"shipping-taxable","17":"purchasable","18":"product-type-simple"},"_links":{"self":[{"href":"https:\/\/shop.trashfire.fr\/en\/wp-json\/wp\/v2\/product\/71","targetHints":{"allow":["GET"]}}],"collection":[{"href":"https:\/\/shop.trashfire.fr\/en\/wp-json\/wp\/v2\/product"}],"about":[{"href":"https:\/\/shop.trashfire.fr\/en\/wp-json\/wp\/v2\/types\/product"}],"wp:featuredmedia":[{"embeddable":true,"href":"https:\/\/shop.trashfire.fr\/en\/wp-json\/wp\/v2\/media\/524"}],"wp:attachment":[{"href":"https:\/\/shop.trashfire.fr\/en\/wp-json\/wp\/v2\/media?parent=71"}],"wp:term":[{"taxonomy":"product_brand","embeddable":true,"href":"https:\/\/shop.trashfire.fr\/en\/wp-json\/wp\/v2\/product_brand?post=71"},{"taxonomy":"product_cat","embeddable":true,"href":"https:\/\/shop.trashfire.fr\/en\/wp-json\/wp\/v2\/product_cat?post=71"},{"taxonomy":"product_tag","embeddable":true,"href":"https:\/\/shop.trashfire.fr\/en\/wp-json\/wp\/v2\/product_tag?post=71"}],"curies":[{"name":"wp","href":"https:\/\/api.w.org\/{rel}","templated":true}]}}