{"id":982,"date":"2025-05-30T20:29:04","date_gmt":"2025-05-30T18:29:04","guid":{"rendered":"https:\/\/shop.trashfire.fr\/?post_type=product&#038;p=982"},"modified":"2025-11-02T17:20:38","modified_gmt":"2025-11-02T16:20:38","slug":"minotaure","status":"publish","type":"product","link":"https:\/\/shop.trashfire.fr\/en\/produit\/minotaure\/","title":{"rendered":"Minotaure"},"content":{"rendered":"<p>Tout bon univers de Fantasy m\u00e9rite son minotaure.<\/p>\n<p>Une figurine Trashfire Studio imprim\u00e9e en R\u00e9sine ABS.<\/p>\n<p>Ces figurines sont \u00e0 monter et \u00e0 peindre. Photo non contractuelle.<\/p>\n<p>&nbsp;<\/p>\n<h4>Socles non fournis.<\/h4>\n<p>&nbsp;<\/p>\n<p>&nbsp;<\/p>\n<p>&nbsp;<\/p>\n","protected":false},"excerpt":{"rendered":"<p>Tout bon univers de Fantasy m\u00e9rite son minotaure. Une figurine Trashfire Studio imprim\u00e9e en R\u00e9sine ABS. Ces figurines sont \u00e0 monter et \u00e0 peindre. Photo non contractuelle. &nbsp; Socles non fournis. &nbsp; &nbsp; &nbsp;<\/p>\n","protected":false},"featured_media":983,"template":"","meta":{"_coblocks_attr":"","_coblocks_dimensions":"","_coblocks_responsive_height":"","_coblocks_accordion_ie_support":"","hide_page_title":""},"product_brand":[54],"product_cat":[28,40,51],"product_tag":[41,18,19],"class_list":{"0":"post-982","1":"product","2":"type-product","3":"status-publish","4":"has-post-thumbnail","6":"product_brand-trashfire","7":"product_cat-fantasy","8":"product_cat-sol-braynia","9":"product_cat-trashfire","10":"product_tag-cnj","11":"product_tag-figurines","12":"product_tag-impression-3d","14":"first","15":"instock","16":"taxable","17":"shipping-taxable","18":"purchasable","19":"product-type-simple"},"_links":{"self":[{"href":"https:\/\/shop.trashfire.fr\/en\/wp-json\/wp\/v2\/product\/982","targetHints":{"allow":["GET"]}}],"collection":[{"href":"https:\/\/shop.trashfire.fr\/en\/wp-json\/wp\/v2\/product"}],"about":[{"href":"https:\/\/shop.trashfire.fr\/en\/wp-json\/wp\/v2\/types\/product"}],"wp:featuredmedia":[{"embeddable":true,"href":"https:\/\/shop.trashfire.fr\/en\/wp-json\/wp\/v2\/media\/983"}],"wp:attachment":[{"href":"https:\/\/shop.trashfire.fr\/en\/wp-json\/wp\/v2\/media?parent=982"}],"wp:term":[{"taxonomy":"product_brand","embeddable":true,"href":"https:\/\/shop.trashfire.fr\/en\/wp-json\/wp\/v2\/product_brand?post=982"},{"taxonomy":"product_cat","embeddable":true,"href":"https:\/\/shop.trashfire.fr\/en\/wp-json\/wp\/v2\/product_cat?post=982"},{"taxonomy":"product_tag","embeddable":true,"href":"https:\/\/shop.trashfire.fr\/en\/wp-json\/wp\/v2\/product_tag?post=982"}],"curies":[{"name":"wp","href":"https:\/\/api.w.org\/{rel}","templated":true}]}}